{"id":25,"date":"2017-04-11T12:01:30","date_gmt":"2017-04-11T15:01:30","guid":{"rendered":"http:\/\/localhost\/oller\/?page_id=25"},"modified":"2019-06-05T04:06:27","modified_gmt":"2019-06-05T07:06:27","slug":"profesionales","status":"publish","type":"page","link":"https:\/\/oller.group\/en\/profesionales\/","title":{"rendered":"Profesionales"},"content":{"rendered":"","protected":false},"excerpt":{"rendered":"","protected":false},"author":1,"featured_media":0,"parent":0,"menu_order":9,"comment_status":"closed","ping_status":"closed","template":"template-parts\/content-profesionales.php","meta":{"_mi_skip_tracking":false,"_exactmetrics_sitenote_active":false,"_exactmetrics_sitenote_note":"","_exactmetrics_sitenote_category":0,"__cvm_playback_settings":[],"__cvm_video_id":""},"yoast_head":"<!-- This site is optimized with the Yoast SEO plugin v16.2 - https:\/\/yoast.com\/wordpress\/plugins\/seo\/ -->\n<title>Profesionales - Oller Group - AFA Official Football Agent - Soccer player representation agency<\/title>\n<meta name=\"description\" content=\"Somos representantes de jugadores de f\u00fatbol de primera y segunda divisi\u00f3n. En Oller Group tenemos m\u00e1s de 20 a\u00f1os de experiencia en el desarrollo deportivo.\" \/>\n<meta name=\"robots\" content=\"index, follow, max-snippet:-1, max-image-preview:large, max-video-preview:-1\" \/>\n<link rel=\"canonical\" href=\"https:\/\/oller.group\/profesionales\/\" \/>\n<meta property=\"og:locale\" content=\"en_US\" \/>\n<meta property=\"og:type\" content=\"article\" \/>\n<meta property=\"og:title\" content=\"Profesionales - Oller Group - AFA Official Football Agent - Soccer player representation agency\" \/>\n<meta property=\"og:description\" content=\"Somos representantes de jugadores de f\u00fatbol de primera y segunda divisi\u00f3n. En Oller Group tenemos m\u00e1s de 20 a\u00f1os de experiencia en el desarrollo deportivo.\" \/>\n<meta property=\"og:url\" content=\"https:\/\/oller.group\/profesionales\/\" \/>\n<meta property=\"og:site_name\" content=\"Oller Group - AFA Official Football Agent - Soccer player representation agency\" \/>\n<meta property=\"article:modified_time\" content=\"2019-06-05T07:06:27+00:00\" \/>\n<meta name=\"twitter:card\" content=\"summary_large_image\" \/>\n<script type=\"application\/ld+json\" class=\"yoast-schema-graph\">{\"@context\":\"https:\/\/schema.org\",\"@graph\":[{\"@type\":\"Organization\",\"@id\":\"https:\/\/oller.group\/#organization\",\"name\":\"Oller Group - Representante de Jugadores de F\\u00fatbol - Agente Oficial AFA\",\"url\":\"https:\/\/oller.group\/\",\"sameAs\":[],\"logo\":{\"@type\":\"ImageObject\",\"@id\":\"https:\/\/oller.group\/#logo\",\"inLanguage\":\"en-US\",\"url\":\"https:\/\/oller.group\/wp-content\/uploads\/2017\/04\/Logo.png\",\"contentUrl\":\"https:\/\/oller.group\/wp-content\/uploads\/2017\/04\/Logo.png\",\"width\":2683,\"height\":2683,\"caption\":\"Oller Group - Representante de Jugadores de F\\u00fatbol - Agente Oficial AFA\"},\"image\":{\"@id\":\"https:\/\/oller.group\/#logo\"}},{\"@type\":\"WebSite\",\"@id\":\"https:\/\/oller.group\/#website\",\"url\":\"https:\/\/oller.group\/\",\"name\":\"Oller Group - AFA Official Football Agent - Soccer player representation agency\",\"description\":\"Oller Group, Agente Oficial de AFA. Representante de jugadores de f\\u00fatbol.\",\"publisher\":{\"@id\":\"https:\/\/oller.group\/#organization\"},\"potentialAction\":[{\"@type\":\"SearchAction\",\"target\":\"https:\/\/oller.group\/?s={search_term_string}\",\"query-input\":\"required name=search_term_string\"}],\"inLanguage\":\"en-US\"},{\"@type\":\"WebPage\",\"@id\":\"https:\/\/oller.group\/profesionales\/#webpage\",\"url\":\"https:\/\/oller.group\/profesionales\/\",\"name\":\"Profesionales - Oller Group - AFA Official Football Agent - Soccer player representation agency\",\"isPartOf\":{\"@id\":\"https:\/\/oller.group\/#website\"},\"datePublished\":\"2017-04-11T15:01:30+00:00\",\"dateModified\":\"2019-06-05T07:06:27+00:00\",\"description\":\"Somos representantes de jugadores de f\\u00fatbol de primera y segunda divisi\\u00f3n. En Oller Group tenemos m\\u00e1s de 20 a\\u00f1os de experiencia en el desarrollo deportivo.\",\"breadcrumb\":{\"@id\":\"https:\/\/oller.group\/profesionales\/#breadcrumb\"},\"inLanguage\":\"en-US\",\"potentialAction\":[{\"@type\":\"ReadAction\",\"target\":[\"https:\/\/oller.group\/profesionales\/\"]}]},{\"@type\":\"BreadcrumbList\",\"@id\":\"https:\/\/oller.group\/profesionales\/#breadcrumb\",\"itemListElement\":[{\"@type\":\"ListItem\",\"position\":1,\"item\":{\"@type\":\"WebPage\",\"@id\":\"https:\/\/oller.group\/\",\"url\":\"https:\/\/oller.group\/\",\"name\":\"Portada\"}},{\"@type\":\"ListItem\",\"position\":2,\"item\":{\"@id\":\"https:\/\/oller.group\/profesionales\/#webpage\"}}]}]}<\/script>\n<!-- \/ Yoast SEO plugin. -->","_links":{"self":[{"href":"https:\/\/oller.group\/en\/wp-json\/wp\/v2\/pages\/25"}],"collection":[{"href":"https:\/\/oller.group\/en\/wp-json\/wp\/v2\/pages"}],"about":[{"href":"https:\/\/oller.group\/en\/wp-json\/wp\/v2\/types\/page"}],"author":[{"embeddable":true,"href":"https:\/\/oller.group\/en\/wp-json\/wp\/v2\/users\/1"}],"replies":[{"embeddable":true,"href":"https:\/\/oller.group\/en\/wp-json\/wp\/v2\/comments?post=25"}],"version-history":[{"count":15,"href":"https:\/\/oller.group\/en\/wp-json\/wp\/v2\/pages\/25\/revisions"}],"predecessor-version":[{"id":5266,"href":"https:\/\/oller.group\/en\/wp-json\/wp\/v2\/pages\/25\/revisions\/5266"}],"wp:attachment":[{"href":"https:\/\/oller.group\/en\/wp-json\/wp\/v2\/media?parent=25"}],"curies":[{"name":"wp","href":"https:\/\/api.w.org\/{rel}","templated":true}]}}