{"id":3405,"date":"2017-10-12T14:49:42","date_gmt":"2017-10-12T17:49:42","guid":{"rendered":"http:\/\/localhost\/wptest\/?page_id=3405"},"modified":"2026-04-10T17:36:29","modified_gmt":"2026-04-10T20:36:29","slug":"primera-division","status":"publish","type":"page","link":"https:\/\/oller.group\/en\/primera-division\/","title":{"rendered":"First Division"},"content":{"rendered":"","protected":false},"excerpt":{"rendered":"","protected":false},"author":1,"featured_media":0,"parent":0,"menu_order":2,"comment_status":"closed","ping_status":"closed","template":"template-parts\/content-primera.php","meta":{"_mi_skip_tracking":false,"_exactmetrics_sitenote_active":false,"_exactmetrics_sitenote_note":"","_exactmetrics_sitenote_category":0,"__cvm_playback_settings":[],"__cvm_video_id":""},"yoast_head":"<!-- This site is optimized with the Yoast SEO plugin v16.2 - https:\/\/yoast.com\/wordpress\/plugins\/seo\/ -->\n<title>Oller Group | Representante de Jugadores de f\u00fatbol profesionales<\/title>\n<meta name=\"description\" content=\"Somos representantes de jugadores de f\u00fatbol profesional. En Oller Group tenemos m\u00e1s de 20 a\u00f1os de experiencia en el deporte.\" \/>\n<meta name=\"robots\" content=\"index, follow, max-snippet:-1, max-image-preview:large, max-video-preview:-1\" \/>\n<link rel=\"canonical\" href=\"https:\/\/oller.group\/primera-division\/\" \/>\n<meta property=\"og:locale\" content=\"en_US\" \/>\n<meta property=\"og:type\" content=\"article\" \/>\n<meta property=\"og:title\" content=\"Oller Group | Jugadores de F\u00fatbol Profesionales Representados AFA\" \/>\n<meta property=\"og:description\" content=\"En Oller Group representamos a mas de 60 jugadores profesionales de f\u00fatbol en el mundo. Conozcalos en la ficha de cada jugador.\" \/>\n<meta property=\"og:url\" content=\"https:\/\/oller.group\/primera-division\/\" \/>\n<meta property=\"og:site_name\" content=\"Oller Group - AFA Official Football Agent - Soccer player representation agency\" \/>\n<meta property=\"article:modified_time\" content=\"2026-04-10T20:36:29+00:00\" \/>\n<meta property=\"og:image\" content=\"https:\/\/oller.group\/wp-content\/uploads\/2017\/04\/Logo.png\" \/>\n\t<meta property=\"og:image:width\" content=\"2683\" \/>\n\t<meta property=\"og:image:height\" content=\"2683\" \/>\n<meta name=\"twitter:card\" content=\"summary_large_image\" \/>\n<meta name=\"twitter:title\" content=\"Oller Group | Representante de Jugadores de Futbol de Primera Divisi\u00f3n\" \/>\n<meta name=\"twitter:description\" content=\"En Oller Group representamos a mas de 60 jugadores profesionales de f\u00fatbol en el mundo. Conozcalos en la ficha de cada jugador.\" \/>\n<meta name=\"twitter:image\" content=\"https:\/\/oller.group\/wp-content\/uploads\/2018\/05\/twittercard.jpg\" \/>\n<script type=\"application\/ld+json\" class=\"yoast-schema-graph\">{\"@context\":\"https:\/\/schema.org\",\"@graph\":[{\"@type\":\"Organization\",\"@id\":\"https:\/\/oller.group\/#organization\",\"name\":\"Oller Group - Representante de Jugadores de F\\u00fatbol - Agente Oficial AFA\",\"url\":\"https:\/\/oller.group\/\",\"sameAs\":[],\"logo\":{\"@type\":\"ImageObject\",\"@id\":\"https:\/\/oller.group\/#logo\",\"inLanguage\":\"en-US\",\"url\":\"https:\/\/oller.group\/wp-content\/uploads\/2017\/04\/Logo.png\",\"contentUrl\":\"https:\/\/oller.group\/wp-content\/uploads\/2017\/04\/Logo.png\",\"width\":2683,\"height\":2683,\"caption\":\"Oller Group - Representante de Jugadores de F\\u00fatbol - Agente Oficial AFA\"},\"image\":{\"@id\":\"https:\/\/oller.group\/#logo\"}},{\"@type\":\"WebSite\",\"@id\":\"https:\/\/oller.group\/#website\",\"url\":\"https:\/\/oller.group\/\",\"name\":\"Oller Group - AFA Official Football Agent - Soccer player representation agency\",\"description\":\"Oller Group, Agente Oficial de AFA. Representante de jugadores de f\\u00fatbol.\",\"publisher\":{\"@id\":\"https:\/\/oller.group\/#organization\"},\"potentialAction\":[{\"@type\":\"SearchAction\",\"target\":\"https:\/\/oller.group\/?s={search_term_string}\",\"query-input\":\"required name=search_term_string\"}],\"inLanguage\":\"en-US\"},{\"@type\":\"ImageObject\",\"@id\":\"https:\/\/oller.group\/primera-division\/#primaryimage\",\"inLanguage\":\"en-US\",\"url\":\"https:\/\/oller.group\/wp-content\/uploads\/2017\/04\/Logo.png\",\"contentUrl\":\"https:\/\/oller.group\/wp-content\/uploads\/2017\/04\/Logo.png\",\"width\":2683,\"height\":2683},{\"@type\":\"WebPage\",\"@id\":\"https:\/\/oller.group\/primera-division\/#webpage\",\"url\":\"https:\/\/oller.group\/primera-division\/\",\"name\":\"[:es]Oller Group | Representante de Jugadores de f\\u00fatbol profesionales[:]\",\"isPartOf\":{\"@id\":\"https:\/\/oller.group\/#website\"},\"primaryImageOfPage\":{\"@id\":\"https:\/\/oller.group\/primera-division\/#primaryimage\"},\"datePublished\":\"2017-10-12T17:49:42+00:00\",\"dateModified\":\"2026-04-10T20:36:29+00:00\",\"description\":\"{:es}Somos representantes de jugadores de f\\u00fatbol profesional. En Oller Group tenemos m\\u00e1s de 20 a\\u00f1os de experiencia en el deporte.{:}\",\"breadcrumb\":{\"@id\":\"https:\/\/oller.group\/primera-division\/#breadcrumb\"},\"inLanguage\":\"en-US\",\"potentialAction\":[{\"@type\":\"ReadAction\",\"target\":[\"https:\/\/oller.group\/primera-division\/\"]}]},{\"@type\":\"BreadcrumbList\",\"@id\":\"https:\/\/oller.group\/primera-division\/#breadcrumb\",\"itemListElement\":[{\"@type\":\"ListItem\",\"position\":1,\"item\":{\"@type\":\"WebPage\",\"@id\":\"https:\/\/oller.group\/\",\"url\":\"https:\/\/oller.group\/\",\"name\":\"Portada\"}},{\"@type\":\"ListItem\",\"position\":2,\"item\":{\"@id\":\"https:\/\/oller.group\/primera-division\/#webpage\"}}]}]}<\/script>\n<!-- \/ Yoast SEO plugin. -->","_links":{"self":[{"href":"https:\/\/oller.group\/en\/wp-json\/wp\/v2\/pages\/3405"}],"collection":[{"href":"https:\/\/oller.group\/en\/wp-json\/wp\/v2\/pages"}],"about":[{"href":"https:\/\/oller.group\/en\/wp-json\/wp\/v2\/types\/page"}],"author":[{"embeddable":true,"href":"https:\/\/oller.group\/en\/wp-json\/wp\/v2\/users\/1"}],"replies":[{"embeddable":true,"href":"https:\/\/oller.group\/en\/wp-json\/wp\/v2\/comments?post=3405"}],"version-history":[{"count":182,"href":"https:\/\/oller.group\/en\/wp-json\/wp\/v2\/pages\/3405\/revisions"}],"predecessor-version":[{"id":10977,"href":"https:\/\/oller.group\/en\/wp-json\/wp\/v2\/pages\/3405\/revisions\/10977"}],"wp:attachment":[{"href":"https:\/\/oller.group\/en\/wp-json\/wp\/v2\/media?parent=3405"}],"curies":[{"name":"wp","href":"https:\/\/api.w.org\/{rel}","templated":true}]}}