{"id":9288,"date":"2023-01-17T14:12:01","date_gmt":"2023-01-17T17:12:01","guid":{"rendered":"https:\/\/oller.group\/?page_id=9288"},"modified":"2023-01-18T09:47:57","modified_gmt":"2023-01-18T12:47:57","slug":"scouting","status":"publish","type":"page","link":"https:\/\/oller.group\/en\/scouting\/","title":{"rendered":"Scouting"},"content":{"rendered":"<div role=\"form\" class=\"wpcf7\" id=\"wpcf7-f9293-o1\" lang=\"es-ES\" dir=\"ltr\">\n<div class=\"screen-reader-response\"><p role=\"status\" aria-live=\"polite\" aria-atomic=\"true\"><\/p> <ul><\/ul><\/div>\n<form action=\"\/en\/wp-json\/wp\/v2\/pages\/9288#wpcf7-f9293-o1\" method=\"post\" class=\"wpcf7-form init\" enctype=\"multipart\/form-data\" novalidate=\"novalidate\" data-status=\"init\">\n<div style=\"display: none;\">\n<input type=\"hidden\" name=\"_wpcf7\" value=\"9293\" \/>\n<input type=\"hidden\" name=\"_wpcf7_version\" value=\"5.6.4\" \/>\n<input type=\"hidden\" name=\"_wpcf7_locale\" value=\"es_ES\" \/>\n<input type=\"hidden\" name=\"_wpcf7_unit_tag\" value=\"wpcf7-f9293-o1\" \/>\n<input type=\"hidden\" name=\"_wpcf7_container_post\" value=\"0\" \/>\n<input type=\"hidden\" name=\"_wpcf7_posted_data_hash\" value=\"\" \/>\n<input type=\"hidden\" name=\"_wpcf7_recaptcha_response\" value=\"\" \/>\n<\/div>\n<div id=\"responsive-form\" class=\"clearfix\">\n<div class=\"form-row\">\n<div class=\"column-half\"><span class=\"wpcf7-form-control-wrap\" data-name=\"first-name\"><input type=\"text\" name=\"first-name\" value=\"\" size=\"40\" class=\"wpcf7-form-control wpcf7-text wpcf7-validates-as-required\" aria-required=\"true\" aria-invalid=\"false\" placeholder=\"NOMBRE\" \/><\/span><\/div>\n<div class=\"column-half\"><span class=\"wpcf7-form-control-wrap\" data-name=\"last-name\"><input type=\"text\" name=\"last-name\" value=\"\" size=\"40\" class=\"wpcf7-form-control wpcf7-text wpcf7-validates-as-required\" aria-required=\"true\" aria-invalid=\"false\" placeholder=\"APELLIDO\" \/><\/span><\/div>\n<\/div>\n<div class=\"form-row\">\n<div class=\"column-half\"><span class=\"wpcf7-form-control-wrap\" data-name=\"nacimiento\"><input type=\"text\" name=\"nacimiento\" value=\"\" size=\"40\" class=\"wpcf7-form-control wpcf7-text wpcf7-validates-as-required walcf7-datepicker\" aria-required=\"true\" aria-invalid=\"false\" placeholder=\"FECHA DE NACIMIENTO\" \/><\/span><\/div>\n<div class=\"column-half\"><span class=\"wpcf7-form-control-wrap\" data-name=\"nacionalidad\"><select name=\"nacionalidad\" class=\"wpcf7-form-control wpcf7-select wpcf7-validates-as-required\" aria-required=\"true\" aria-invalid=\"false\"><option value=\"Argentina\">Argentina<\/option><option value=\"Espa\u00f1ola\">Espa\u00f1ola<\/option><option value=\"Colombiana\">Colombiana<\/option><option value=\"Brasilera\">Brasilera<\/option><option value=\"Uruguaya\">Uruguaya<\/option><option value=\"Ecuatoriana\">Ecuatoriana<\/option><option value=\"Chilena\">Chilena<\/option><option value=\"Peruana\">Peruana<\/option><option value=\"Paraguaya\">Paraguaya<\/option><option value=\"Venezolana\">Venezolana<\/option><option value=\"Boliviana\">Boliviana<\/option><option value=\"Inglesa\">Inglesa<\/option><option value=\"Portuguesa\">Portuguesa<\/option><\/select><\/span><\/div>\n<\/div>\n<div class=\"form-row\">\n<div class=\"column-half\"><span class=\"wpcf7-form-control-wrap\" data-name=\"your-email\"><input type=\"email\" name=\"your-email\" value=\"\" size=\"40\" class=\"wpcf7-form-control wpcf7-text wpcf7-email wpcf7-validates-as-required wpcf7-validates-as-email\" aria-required=\"true\" aria-invalid=\"false\" placeholder=\"EMAIL\" \/><\/span><\/div>\n<div class=\"column-half\"><span class=\"wpcf7-form-control-wrap\" data-name=\"your-phone\"><input type=\"text\" name=\"your-phone\" value=\"\" size=\"40\" class=\"wpcf7-form-control wpcf7-text wpcf7-validates-as-required\" aria-required=\"true\" aria-invalid=\"false\" placeholder=\"TEL\u00c9FONO\" \/><\/span><\/div>\n<\/div>\n<div class=\"form-row\">\n<div class=\"column-half\"><span class=\"wpcf7-form-control-wrap\" data-name=\"club\"><input type=\"text\" name=\"club\" value=\"\" size=\"40\" class=\"wpcf7-form-control wpcf7-text wpcf7-validates-as-required\" aria-required=\"true\" aria-invalid=\"false\" placeholder=\"CLUB ACTUAL\" \/><\/span><\/div>\n<div class=\"column-half\"><span class=\"wpcf7-form-control-wrap\" data-name=\"video\"><input type=\"text\" name=\"video\" value=\"\" size=\"40\" class=\"wpcf7-form-control wpcf7-text wpcf7-validates-as-required\" aria-required=\"true\" aria-invalid=\"false\" placeholder=\"URL DE VIDEO\" \/><\/span><\/div>\n<\/div>\n<div class=\"form-row\">\n<div class=\"column-full\"><span class=\"sublabel\">Adjunte un documento<\/span><span class=\"wpcf7-form-control-wrap\" data-name=\"archivo\"><input type=\"file\" name=\"archivo\" size=\"40\" class=\"wpcf7-form-control wpcf7-file ollerarchivo\" accept=\"audio\/*,video\/*,image\/*\" aria-invalid=\"false\" \/><\/span><\/div>\n<\/div>\n<div class=\"form-row\">\n<div class=\"column-full\"><span class=\"wpcf7-form-control-wrap\" data-name=\"your-message\"><textarea name=\"your-message\" cols=\"40\" rows=\"10\" class=\"wpcf7-form-control wpcf7-textarea\" aria-invalid=\"false\" placeholder=\"MENSAJE\"><\/textarea><\/span><\/div>\n<\/div>\n<div class=\"form-row\">\n<div class=\"column-full\"><input type=\"submit\" value=\"ENVIAR MENSAJE\" class=\"wpcf7-form-control has-spinner wpcf7-submit btnsend\" \/><\/div>\n<\/div>\n<\/div>\n<p><!--end responsive-form--><\/p>\n<div class=\"wpcf7-response-output\" aria-hidden=\"true\"><\/div><\/form><\/div>\n","protected":false},"excerpt":{"rendered":"","protected":false},"author":1,"featured_media":0,"parent":0,"menu_order":0,"comment_status":"closed","ping_status":"closed","template":"template-parts\/content-scouting.php","meta":{"_mi_skip_tracking":false,"_exactmetrics_sitenote_active":false,"_exactmetrics_sitenote_note":"","_exactmetrics_sitenote_category":0,"__cvm_playback_settings":[],"__cvm_video_id":""},"yoast_head":"<!-- This site is optimized with the Yoast SEO plugin v16.2 - https:\/\/yoast.com\/wordpress\/plugins\/seo\/ -->\n<title>Scouting - Oller Group - AFA Official Football Agent - Soccer player representation agency<\/title>\n<meta name=\"description\" content=\"Oller Group, representante de jugadores de f\u00fatbol, agente oficial AFA. Acompa\u00f1ando el crecimiento de m\u00e1s de 50 profesionales del f\u00fatbol mundial.\" \/>\n<meta name=\"robots\" content=\"index, follow, max-snippet:-1, max-image-preview:large, max-video-preview:-1\" \/>\n<link rel=\"canonical\" href=\"https:\/\/oller.group\/scouting\/\" \/>\n<meta property=\"og:locale\" content=\"en_US\" \/>\n<meta property=\"og:type\" content=\"article\" \/>\n<meta property=\"og:title\" content=\"Scouting - Oller Group - AFA Official Football Agent - Soccer player representation agency\" \/>\n<meta property=\"og:description\" content=\"Oller Group, representante de jugadores de f\u00fatbol, agente oficial AFA. Acompa\u00f1ando el crecimiento de m\u00e1s de 50 profesionales del f\u00fatbol mundial.\" \/>\n<meta property=\"og:url\" content=\"https:\/\/oller.group\/scouting\/\" \/>\n<meta property=\"og:site_name\" content=\"Oller Group - AFA Official Football Agent - Soccer player representation agency\" \/>\n<meta property=\"article:modified_time\" content=\"2023-01-18T12:47:57+00:00\" \/>\n<meta name=\"twitter:card\" content=\"summary_large_image\" \/>\n<script type=\"application\/ld+json\" class=\"yoast-schema-graph\">{\"@context\":\"https:\/\/schema.org\",\"@graph\":[{\"@type\":\"Organization\",\"@id\":\"https:\/\/oller.group\/#organization\",\"name\":\"Oller Group - Representante de Jugadores de F\\u00fatbol - Agente Oficial AFA\",\"url\":\"https:\/\/oller.group\/\",\"sameAs\":[],\"logo\":{\"@type\":\"ImageObject\",\"@id\":\"https:\/\/oller.group\/#logo\",\"inLanguage\":\"en-US\",\"url\":\"https:\/\/oller.group\/wp-content\/uploads\/2017\/04\/Logo.png\",\"contentUrl\":\"https:\/\/oller.group\/wp-content\/uploads\/2017\/04\/Logo.png\",\"width\":2683,\"height\":2683,\"caption\":\"Oller Group - Representante de Jugadores de F\\u00fatbol - Agente Oficial AFA\"},\"image\":{\"@id\":\"https:\/\/oller.group\/#logo\"}},{\"@type\":\"WebSite\",\"@id\":\"https:\/\/oller.group\/#website\",\"url\":\"https:\/\/oller.group\/\",\"name\":\"Oller Group - AFA Official Football Agent - Soccer player representation agency\",\"description\":\"Oller Group, Agente Oficial de AFA. Representante de jugadores de f\\u00fatbol.\",\"publisher\":{\"@id\":\"https:\/\/oller.group\/#organization\"},\"potentialAction\":[{\"@type\":\"SearchAction\",\"target\":\"https:\/\/oller.group\/?s={search_term_string}\",\"query-input\":\"required name=search_term_string\"}],\"inLanguage\":\"en-US\"},{\"@type\":\"WebPage\",\"@id\":\"https:\/\/oller.group\/scouting\/#webpage\",\"url\":\"https:\/\/oller.group\/scouting\/\",\"name\":\"Scouting - Oller Group - AFA Official Football Agent - Soccer player representation agency\",\"isPartOf\":{\"@id\":\"https:\/\/oller.group\/#website\"},\"datePublished\":\"2023-01-17T17:12:01+00:00\",\"dateModified\":\"2023-01-18T12:47:57+00:00\",\"description\":\"Oller Group, representante de jugadores de f\\u00fatbol, agente oficial AFA. Acompa\\u00f1ando el crecimiento de m\\u00e1s de 50 profesionales del f\\u00fatbol mundial.\",\"breadcrumb\":{\"@id\":\"https:\/\/oller.group\/scouting\/#breadcrumb\"},\"inLanguage\":\"en-US\",\"potentialAction\":[{\"@type\":\"ReadAction\",\"target\":[\"https:\/\/oller.group\/scouting\/\"]}]},{\"@type\":\"BreadcrumbList\",\"@id\":\"https:\/\/oller.group\/scouting\/#breadcrumb\",\"itemListElement\":[{\"@type\":\"ListItem\",\"position\":1,\"item\":{\"@type\":\"WebPage\",\"@id\":\"https:\/\/oller.group\/\",\"url\":\"https:\/\/oller.group\/\",\"name\":\"Portada\"}},{\"@type\":\"ListItem\",\"position\":2,\"item\":{\"@id\":\"https:\/\/oller.group\/scouting\/#webpage\"}}]}]}<\/script>\n<!-- \/ Yoast SEO plugin. -->","_links":{"self":[{"href":"https:\/\/oller.group\/en\/wp-json\/wp\/v2\/pages\/9288"}],"collection":[{"href":"https:\/\/oller.group\/en\/wp-json\/wp\/v2\/pages"}],"about":[{"href":"https:\/\/oller.group\/en\/wp-json\/wp\/v2\/types\/page"}],"author":[{"embeddable":true,"href":"https:\/\/oller.group\/en\/wp-json\/wp\/v2\/users\/1"}],"replies":[{"embeddable":true,"href":"https:\/\/oller.group\/en\/wp-json\/wp\/v2\/comments?post=9288"}],"version-history":[{"count":6,"href":"https:\/\/oller.group\/en\/wp-json\/wp\/v2\/pages\/9288\/revisions"}],"predecessor-version":[{"id":9299,"href":"https:\/\/oller.group\/en\/wp-json\/wp\/v2\/pages\/9288\/revisions\/9299"}],"wp:attachment":[{"href":"https:\/\/oller.group\/en\/wp-json\/wp\/v2\/media?parent=9288"}],"curies":[{"name":"wp","href":"https:\/\/api.w.org\/{rel}","templated":true}]}}